{"id":331,"date":"2024-03-24T14:47:23","date_gmt":"2024-03-24T14:47:23","guid":{"rendered":"https:\/\/www.lovemyself.co\/?post_type=product&#038;p=331"},"modified":"2024-03-24T14:50:21","modified_gmt":"2024-03-24T14:50:21","slug":"dreamer-kopya","status":"publish","type":"product","link":"https:\/\/www.lovemyself.co\/en\/urun\/dreamer-kopya\/","title":{"rendered":"Birds"},"content":{"rendered":"<p>%100 Ham pamuklu do\u011fal tuval bezine dijital bask\u0131d\u0131r.<\/p>\n<p>Bask\u0131larda 2400 dpi maksimum bask\u0131 \u00e7\u00f6z\u00fcn\u00fcrl\u00fc\u011f\u00fc, 12 renk pigmentli m\u00fcrekkep kullan\u0131lm\u0131\u015ft\u0131r.<\/p>\n<p>Satin\/ Saten dokulu yar\u0131 parlak yar\u0131 parlak g\u00f6r\u00fcn\u00fcm .<\/p>\n<p>Koruyucu \u00f6zellikli mat vernik uygulamas\u0131 yap\u0131lm\u0131\u015ft\u0131r.<\/p>\n<p>Tuval karkas malzemesi ham ah\u015fapt\u0131r.<\/p>\n<p>\u00c7izimler\u00a0<strong>LOVE MYSELF<\/strong>\u00a0taraf\u0131ndan tasarlanmaktad\u0131r.<\/p>\n<p>Belirtilen \u00f6l\u00e7\u00fc, net tuval karkas \u00f6l\u00e7\u00fcs\u00fcd\u00fcr.<\/p>\n<p>\u00dcr\u00fcnlerde duvar ask\u0131s\u0131 mevcuttur.<\/p>\n<p>\u00c7er\u00e7evesiz g\u00f6nderilmektedir.<\/p>\n<p>\u00dcr\u00fcnlerimiz sipari\u015f \u00fczerine \u00f6zel \u00fcretildi\u011fi i\u00e7in 5 ila 10 i\u015f g\u00fcn\u00fc \u00fcretim s\u00fcresi bulunmaktad\u0131r.<\/p>\n<p>\u00dcr\u00fcnlerde direk g\u00fcne\u015f \u0131\u015f\u0131\u011f\u0131na ve s\u0131v\u0131 ile temas\u0131ndan ka\u00e7\u0131n\u0131lmas\u0131na dikkat edilmesini \u00f6neririz.<\/p>\n<p>Temizlik malzemesi temas\u0131ndan ka\u00e7\u0131n\u0131lmal\u0131d\u0131r. Yaln\u0131zca kuru bez ile hafif\u00e7e tozu al\u0131nabilir.<\/p>\n<p class=\"text-center\"><mark>Block <strong>\"blok-guvenlik\"<\/strong> not found<\/mark><\/p>\n<p>&nbsp;<\/p>\n","protected":false},"excerpt":{"rendered":"<p>78&#215;110 cm.<\/p>\n","protected":false},"featured_media":997,"template":"","meta":[],"product_brand":[],"product_cat":[27],"product_tag":[],"class_list":{"0":"post-331","1":"product","2":"type-product","3":"status-publish","4":"has-post-thumbnail","6":"product_cat-canvas-paintings","8":"first","9":"instock","10":"taxable","11":"shipping-taxable","12":"purchasable","13":"product-type-simple"},"_links":{"self":[{"href":"https:\/\/www.lovemyself.co\/en\/wp-json\/wp\/v2\/product\/331","targetHints":{"allow":["GET"]}}],"collection":[{"href":"https:\/\/www.lovemyself.co\/en\/wp-json\/wp\/v2\/product"}],"about":[{"href":"https:\/\/www.lovemyself.co\/en\/wp-json\/wp\/v2\/types\/product"}],"wp:featuredmedia":[{"embeddable":true,"href":"https:\/\/www.lovemyself.co\/en\/wp-json\/wp\/v2\/media\/997"}],"wp:attachment":[{"href":"https:\/\/www.lovemyself.co\/en\/wp-json\/wp\/v2\/media?parent=331"}],"wp:term":[{"taxonomy":"product_brand","embeddable":true,"href":"https:\/\/www.lovemyself.co\/en\/wp-json\/wp\/v2\/product_brand?post=331"},{"taxonomy":"product_cat","embeddable":true,"href":"https:\/\/www.lovemyself.co\/en\/wp-json\/wp\/v2\/product_cat?post=331"},{"taxonomy":"product_tag","embeddable":true,"href":"https:\/\/www.lovemyself.co\/en\/wp-json\/wp\/v2\/product_tag?post=331"}],"curies":[{"name":"wp","href":"https:\/\/api.w.org\/{rel}","templated":true}]}}